{"id":45,"date":"2022-05-12T12:52:56","date_gmt":"2022-05-12T12:52:56","guid":{"rendered":"http:\/\/sw-themes.com\/porto_dummy\/?page_id=45"},"modified":"2024-08-27T12:59:21","modified_gmt":"2024-08-27T09:59:21","slug":"company","status":"publish","type":"page","link":"https:\/\/tg-enerji.com\/index.php\/company\/","title":{"rendered":"Company"},"content":{"rendered":"\t\t<div data-elementor-type=\"wp-page\" data-elementor-id=\"45\" class=\"elementor elementor-45\">\n\t\t\t\t\t\t\t\t\t<div class=\"elementor-section elementor-top-section elementor-element elementor-element-d94f112 elementor-section-full_width elementor-section-height-default elementor-section-height-default\" data-id=\"d94f112\" data-element_type=\"section\" data-settings=\"{&quot;background_background&quot;:&quot;classic&quot;}\">\r\n\t\t\r\n\t\t\t\t\t\t\t<div class=\"elementor-container elementor-column-gap-no\">\r\n\t\t\t\t\t\t\t\t\t\t\t<div class=\"elementor-column elementor-col-50 elementor-top-column elementor-element elementor-element-8beafaf\" data-id=\"8beafaf\" data-element_type=\"column\">\r\n\t\t\t\t\t<div class=\"elementor-widget-wrap elementor-element-populated\">\r\n\t\t\t\t\t\t\t\t<div data-plugin-parallax=\"\" data-plugin-options=\"{&quot;speed&quot;: 1.5}\" class=\"elementor-section elementor-inner-section elementor-element elementor-element-13d2a8d elementor-section-boxed elementor-section-height-default elementor-section-height-default\" data-id=\"13d2a8d\" data-element_type=\"section\" data-settings=\"{&quot;background_background&quot;:&quot;classic&quot;}\">\r\n\t\t\r\n\t\t\t\t\t\t\t<div class=\"elementor-container elementor-column-gap-default\">\r\n\t\t\t\t\t\t\t\t\t\t\t<div class=\"elementor-column elementor-col-100 elementor-inner-column elementor-element elementor-element-aa0103d\" data-id=\"aa0103d\" data-element_type=\"column\">\r\n\t\t\t\t\t<div class=\"elementor-widget-wrap\">\r\n\t\t\t\t\t\t\t\t\t<\/div>\r\n\t\t\t\t<\/div>\r\n\t\t\t\t\t<\/div>\r\n\t\t\t\t<\/div>\r\n\t\t\t\t\t<\/div>\r\n\t\t\t\t<\/div>\r\n\t\t\t\t<div class=\"elementor-column elementor-col-50 elementor-top-column elementor-element elementor-element-19b6a49\" data-id=\"19b6a49\" data-element_type=\"column\" data-settings=\"{&quot;background_background&quot;:&quot;classic&quot;}\">\r\n\t\t\t\t\t<div class=\"col-half-section col-fullwidth-md elementor-widget-wrap elementor-element-populated\">\r\n\t\t\t\t\t\t\t\t<div class=\"elementor-element elementor-element-a63fd65 ml-lg-5 elementor-widget__width-initial elementor-widget elementor-widget-porto_ultimate_heading\" data-id=\"a63fd65\" data-element_type=\"widget\" data-widget_type=\"porto_ultimate_heading.default\">\n\t\t\t\t<div class=\"elementor-widget-container\">\n\t\t\t<div class=\"porto-u-heading  porto-u-7919\"><div class=\"porto-u-main-heading\"><h3    style=\"margin-bottom: 16px;\">Hakk\u0131m\u0131zda<\/h3><\/div><div class=\"porto-u-sub-heading\" style=\"\"><p>TG ENERJ\u0130 her boyuttaki g\u00fcne\u015f enerji santralleri i\u00e7in yat\u0131r\u0131mc\u0131ya \u00f6zel \u00e7\u00f6z\u00fcmler tasarlar ve b\u00f6lgesel \u00f6zellikleri dikkate alarak m\u00fc\u015fterilerinin yat\u0131r\u0131mlar\u0131n\u0131 g\u00fcvenli hale getirir. Y\u0131llar\u0131n verdi\u011fi tecr\u00fcbe ile t\u00fcm tedarik zincirini kendi b\u00fcnyesinde birle\u015ftirir ve profesyonel ekibiyle verdi\u011fi teknik destekle yat\u0131r\u0131mc\u0131lar\u0131na ve projelerine katma de\u011fer sa\u011flar.<\/p><\/div><style>.porto-u-7919.porto-u-heading{text-align:left}<\/style><\/div>\t\t<\/div>\n\t\t\t\t<\/div>\n\t\t\t\t\t<\/div>\r\n\t\t\t\t<\/div>\r\n\t\t\t\t\t<\/div>\r\n\t\t\t\t<\/div>\r\n\t\t\t\t<div class=\"elementor-section elementor-top-section elementor-element elementor-element-470ec0b elementor-section-full_width elementor-section-height-default elementor-section-height-default\" data-id=\"470ec0b\" data-element_type=\"section\" data-settings=\"{&quot;background_background&quot;:&quot;classic&quot;}\">\r\n\t\t\r\n\t\t\t\t\t\t\t<div class=\"elementor-container elementor-column-gap-no\">\r\n\t\t\t\t\t\t\t\t\t\t\t<div class=\"elementor-column elementor-col-50 elementor-top-column elementor-element elementor-element-375ee06 order-lg-last\" data-id=\"375ee06\" data-element_type=\"column\">\r\n\t\t\t\t\t<div class=\"elementor-widget-wrap elementor-element-populated\">\r\n\t\t\t\t\t\t\t\t<div data-plugin-parallax=\"\" data-plugin-options=\"{&quot;speed&quot;: 1.5}\" class=\"elementor-section elementor-inner-section elementor-element elementor-element-d97cef5 elementor-section-boxed elementor-section-height-default elementor-section-height-default\" data-id=\"d97cef5\" data-element_type=\"section\" data-settings=\"{&quot;background_background&quot;:&quot;classic&quot;}\">\r\n\t\t\r\n\t\t\t\t\t\t\t<div class=\"elementor-container elementor-column-gap-default\">\r\n\t\t\t\t\t\t\t\t\t\t\t<div class=\"elementor-column elementor-col-100 elementor-inner-column elementor-element elementor-element-bea86ea\" data-id=\"bea86ea\" data-element_type=\"column\">\r\n\t\t\t\t\t<div class=\"elementor-widget-wrap\">\r\n\t\t\t\t\t\t\t\t\t<\/div>\r\n\t\t\t\t<\/div>\r\n\t\t\t\t\t<\/div>\r\n\t\t\t\t<\/div>\r\n\t\t\t\t\t<\/div>\r\n\t\t\t\t<\/div>\r\n\t\t\t\t<div class=\"elementor-column elementor-col-50 elementor-top-column elementor-element elementor-element-cb09935\" data-id=\"cb09935\" data-element_type=\"column\" data-settings=\"{&quot;background_background&quot;:&quot;classic&quot;}\">\r\n\t\t\t\t\t<div class=\"col-half-section col-half-section-right col-fullwidth-md elementor-widget-wrap elementor-element-populated\">\r\n\t\t\t\t\t\t\t\t<div class=\"elementor-element elementor-element-74f0c40 ml-lg-auto mr-lg-5 elementor-widget__width-initial elementor-widget elementor-widget-porto_ultimate_heading\" data-id=\"74f0c40\" data-element_type=\"widget\" data-widget_type=\"porto_ultimate_heading.default\">\n\t\t\t\t<div class=\"elementor-widget-container\">\n\t\t\t<div class=\"porto-u-heading  porto-u-4758\"><div class=\"porto-u-main-heading\"><h3    style=\"margin-bottom: 12px;\">Misyon & Vizyon<\/h3><\/div><div class=\"porto-u-sub-heading\" style=\"\"><p>TG Enerji yetenek ve tecr\u00fcbeleri do\u011frultusunda, yat\u0131r\u0131mc\u0131lar\u0131n\u0131n hizmet beklentilerini uluslararas\u0131 standartlarda kar\u015f\u0131lamay\u0131 birinci \u00f6nceli\u011fi olarak belirlemi\u015ftir. Bu kapsamda do\u011fa ve \u00e7evreyle uyum i\u00e7inde \u00e7al\u0131\u015farak hizmet sa\u011flamay\u0131 ama\u00e7lamaktad\u0131r. D\u00fcnya, \u00fclke ve b\u00f6lge ekonomisine en y\u00fcksek katk\u0131y\u0131 sa\u011flayarak mevcut veya yeni tesislerin faaliyete ge\u00e7erek sorunsuz \u015fekilde \u00e7al\u0131\u015fmas\u0131n\u0131 sa\u011flamak TG Enerjinin kurulu\u015f sebepleri aras\u0131ndad\u0131r. Hissedar ve \u00e7al\u0131\u015fanlar\u0131 ile g\u00fcvenilirli\u011fi ispatlanan firmam\u0131z\u0131n , yapt\u0131\u011f\u0131 ve yapaca\u011f\u0131n\u0131 hizmetleriyle gurur ve mutluluk duymaktay\u0131z.<\/p><\/div><style>.porto-u-4758.porto-u-heading{text-align:left}<\/style><\/div>\t\t<\/div>\n\t\t\t\t<\/div>\n\t\t\t\t\t<\/div>\r\n\t\t\t\t<\/div>\r\n\t\t\t\t\t<\/div>\r\n\t\t\t\t<\/div>\r\n\t\t\t\t<section class=\"elementor-section elementor-top-section elementor-element elementor-element-d37983c elementor-section-boxed elementor-section-height-default elementor-section-height-default\" data-id=\"d37983c\" data-element_type=\"section\">\r\n\t\t\t\t\t\t<div class=\"elementor-background-overlay\"><\/div>\r\n\t\t\t\r\n\t\t\t\t\t\t\t<div class=\"elementor-container elementor-column-gap-default\">\r\n\t\t\t\t\t\t\t\t\t\t\t<div class=\"elementor-column elementor-col-100 elementor-top-column elementor-element elementor-element-784174c\" data-id=\"784174c\" data-element_type=\"column\">\r\n\t\t\t\t\t<div class=\"elementor-widget-wrap elementor-element-populated\">\r\n\t\t\t\t\t\t\t\t<div class=\"elementor-element elementor-element-5fb15bf elementor-widget elementor-widget-porto_stat_counter\" data-id=\"5fb15bf\" data-element_type=\"widget\" data-widget_type=\"porto_stat_counter.default\">\n\t\t\t\t<div class=\"elementor-widget-container\">\n\t\t\t<div class=\"stats-block stats-top\"><div class=\"stats-desc\"><div id=\"counter_5007907869ff69d1b4cee\" data-id=\"counter_5007907869ff69d1b4cee\" class=\"stats-number\" style=\" \" data-speed=\"3\" data-counter-value=\"14\" data-separator=\",\" data-decimal=\".\">0<\/div><div class=\"stats-text\" style=\"\">\u015eEH\u0130R<\/div><\/div><\/div>\t\t<\/div>\n\t\t\t\t<\/div>\n\t\t\t\t<div class=\"elementor-element elementor-element-7b44ff3 elementor-widget elementor-widget-porto_stat_counter\" data-id=\"7b44ff3\" data-element_type=\"widget\" data-widget_type=\"porto_stat_counter.default\">\n\t\t\t\t<div class=\"elementor-widget-container\">\n\t\t\t<div class=\"stats-block stats-top\"><div class=\"stats-desc\"><div id=\"counter_127454883269ff69d1b5c57\" data-id=\"counter_127454883269ff69d1b5c57\" class=\"stats-number\" style=\" \" data-speed=\"3\" data-counter-value=\"53\" data-separator=\",\" data-decimal=\".\">0<\/div><div class=\"stats-text\" style=\"\">PROJE \u0130N\u015eASI<\/div><\/div><\/div>\t\t<\/div>\n\t\t\t\t<\/div>\n\t\t\t\t<div class=\"elementor-element elementor-element-0c519a3 elementor-widget elementor-widget-porto_stat_counter\" data-id=\"0c519a3\" data-element_type=\"widget\" data-widget_type=\"porto_stat_counter.default\">\n\t\t\t\t<div class=\"elementor-widget-container\">\n\t\t\t<div class=\"stats-block stats-top\"><div class=\"stats-desc\"><div id=\"counter_173300560069ff69d1b6b76\" data-id=\"counter_173300560069ff69d1b6b76\" class=\"stats-number\" style=\" \" data-speed=\"3\" data-counter-value=\"97\" data-separator=\",\" data-decimal=\".\">0<\/div><div class=\"stats-text\" style=\"\">PROJE OPERASYONU<\/div><\/div><\/div>\t\t<\/div>\n\t\t\t\t<\/div>\n\t\t\t\t\t<\/div>\r\n\t\t\t\t<\/div>\r\n\t\t\t\t\t<\/div>\r\n\t\t\t\t<\/section>\r\n\t\t\t\t\t\t\t<\/div>\n\t\t","protected":false},"excerpt":{"rendered":"<p>Hakk\u0131m\u0131zda TG ENERJ\u0130 her boyuttaki g\u00fcne\u015f enerji santralleri i\u00e7in yat\u0131r\u0131mc\u0131ya \u00f6zel \u00e7\u00f6z\u00fcmler tasarlar ve b\u00f6lgesel \u00f6zellikleri dikkate alarak m\u00fc\u015fterilerinin yat\u0131r\u0131mlar\u0131n\u0131 g\u00fcvenli hale getirir. Y\u0131llar\u0131n verdi\u011fi tecr\u00fcbe ile t\u00fcm tedarik zincirini kendi b\u00fcnyesinde birle\u015ftirir ve profesyonel ekibiyle verdi\u011fi teknik destekle yat\u0131r\u0131mc\u0131lar\u0131na ve projelerine katma de\u011fer sa\u011flar. Misyon &#038; Vizyon TG Enerji yetenek ve tecr\u00fcbeleri do\u011frultusunda, yat\u0131r\u0131mc\u0131lar\u0131n\u0131n [&hellip;]<\/p>\n","protected":false},"author":1,"featured_media":0,"parent":0,"menu_order":0,"comment_status":"closed","ping_status":"closed","template":"","meta":{"content-type":"","footnotes":""},"class_list":["post-45","page","type-page","status-publish","hentry"],"_links":{"self":[{"href":"https:\/\/tg-enerji.com\/index.php\/wp-json\/wp\/v2\/pages\/45","targetHints":{"allow":["GET"]}}],"collection":[{"href":"https:\/\/tg-enerji.com\/index.php\/wp-json\/wp\/v2\/pages"}],"about":[{"href":"https:\/\/tg-enerji.com\/index.php\/wp-json\/wp\/v2\/types\/page"}],"author":[{"embeddable":true,"href":"https:\/\/tg-enerji.com\/index.php\/wp-json\/wp\/v2\/users\/1"}],"replies":[{"embeddable":true,"href":"https:\/\/tg-enerji.com\/index.php\/wp-json\/wp\/v2\/comments?post=45"}],"version-history":[{"count":39,"href":"https:\/\/tg-enerji.com\/index.php\/wp-json\/wp\/v2\/pages\/45\/revisions"}],"predecessor-version":[{"id":10849,"href":"https:\/\/tg-enerji.com\/index.php\/wp-json\/wp\/v2\/pages\/45\/revisions\/10849"}],"wp:attachment":[{"href":"https:\/\/tg-enerji.com\/index.php\/wp-json\/wp\/v2\/media?parent=45"}],"curies":[{"name":"wp","href":"https:\/\/api.w.org\/{rel}","templated":true}]}}